{"id":112653,"date":"2023-04-11T09:59:41","date_gmt":"2023-04-11T09:59:41","guid":{"rendered":"https:\/\/www.quint.org\/libera-el-potencial-de-tu-organizacion-2\/"},"modified":"2024-08-05T14:36:42","modified_gmt":"2024-08-05T14:36:42","slug":"libera-el-potencial-de-tu-organizacion-2","status":"publish","type":"page","link":"https:\/\/www.quint.org\/es\/libera-el-potencial-de-tu-organizacion-2\/","title":{"rendered":"Libera el Potencial de tu Organizaci\u00f3n"},"content":{"rendered":"<div class=\"wpb-content-wrapper\"><p>[vc_row row_height_percent=\u00bb0&#8243; override_padding=\u00bbyes\u00bb h_padding=\u00bb2&#8243; top_padding=\u00bb4&#8243; bottom_padding=\u00bb2&#8243; back_color=\u00bbcolor-xsdn\u00bb overlay_alpha=\u00bb50&#8243; equal_height=\u00bbyes\u00bb gutter_size=\u00bb4&#8243; column_width_percent=\u00bb100&#8243; shift_y=\u00bb-3&#8243; z_index=\u00bb3&#8243; top_divider=\u00bbstep_1_2&#8243; uncode_shortcode_id=\u00bb165701&#8243; back_color_type=\u00bbuncode-palette\u00bb el_id=\u00bbroot_container\u00bb css=\u00bb.vc_custom_1681213843269{margin-top: 10px !important;}\u00bb][vc_column column_width_percent=\u00bb100&#8243; gutter_size=\u00bb4&#8243; overlay_alpha=\u00bb50&#8243; shift_x=\u00bb0&#8243; shift_y=\u00bb0&#8243; shift_y_down=\u00bb0&#8243; z_index=\u00bb0&#8243; align_medium=\u00bbalign_center_tablet\u00bb medium_width=\u00bb0&#8243; align_mobile=\u00bbalign_center_mobile\u00bb mobile_width=\u00bb0&#8243; parallax_intensity=\u00bb2&#8243; width=\u00bb1\/1&#8243; uncode_shortcode_id=\u00bb122516&#8243;][vc_row_inner row_inner_height_percent=\u00bb0&#8243; overlay_alpha=\u00bb50&#8243; gutter_size=\u00bb4&#8243; shift_y=\u00bb0&#8243; z_index=\u00bb0&#8243; limit_content=\u00bb\u00bb uncode_shortcode_id=\u00bb714843&#8243;][vc_column_inner column_width_percent=\u00bb100&#8243; gutter_size=\u00bb3&#8243; overlay_alpha=\u00bb50&#8243; shift_x=\u00bb0&#8243; shift_y=\u00bb0&#8243; shift_y_down=\u00bb0&#8243; z_index=\u00bb0&#8243; medium_width=\u00bb3&#8243; mobile_width=\u00bb0&#8243; width=\u00bb1\/1&#8243; uncode_shortcode_id=\u00bb107052&#8243;][vc_custom_heading heading_semantic=\u00bbh3&#8243; text_font=\u00bbfont-613363&#8243; text_size=\u00bb\u00bb text_weight=\u00bb400&#8243; css_animation=\u00bbbottom-t-top\u00bb animation_speed=\u00bb800&#8243; uncode_shortcode_id=\u00bb111497&#8243;]Somos una empresa en r\u00e1pido crecimiento que proporciona datos cient\u00edficamente validados y libres de sesgos sobre personas y redes, lo que permite a las organizaciones tomar decisiones en todas las etapas de la gesti\u00f3n del talento corporativo. Somos distribuidores exclusivos en Europa e India de las principales soluciones de HR Tech, ofreciendo los productos m\u00e1s avanzados para revolucionar el an\u00e1lisis de las personas en las empresas. Estamos en una etapa inicial, pero servimos a grandes empresas que conf\u00edan en nosotros por nuestra experiencia y fiabilidad comprobadas.[\/vc_custom_heading][\/vc_column_inner][\/vc_row_inner][vc_separator sep_color=\u00bbaccent\u00bb uncode_shortcode_id=\u00bb432351&#8243; sep_color_type=\u00bbuncode-palette\u00bb][uncode_vertical_text text_align=\u00bbtop\u00bb vertical_text_h_pos=\u00bb-4&#8243; vertical_text_v_pos=\u00bb0&#8243; z_index=\u00bb0&#8243; text_font=\u00bbfont-613363&#8243; text_size=\u00bbh6&#8243; text_weight=\u00bb600&#8243; text_transform=\u00bbuppercase\u00bb text_space=\u00bbfontspace-135905&#8243; text_color=\u00bbcolor-182211&#8243; mobile_visibility=\u00bbyes\u00bb uncode_shortcode_id=\u00bb154553&#8243; text_color_type=\u00bbuncode-palette\u00bb]\u2e3b About Quint<\/p>\n<p>[\/uncode_vertical_text][\/vc_column][\/vc_row][vc_row unlock_row_content=\u00bbyes\u00bb row_height_percent=\u00bb0&#8243; override_padding=\u00bbyes\u00bb h_padding=\u00bb0&#8243; top_padding=\u00bb0&#8243; bottom_padding=\u00bb0&#8243; overlay_alpha=\u00bb50&#8243; gutter_size=\u00bb3&#8243; column_width_percent=\u00bb100&#8243; shift_y=\u00bb0&#8243; z_index=\u00bb0&#8243; uncode_shortcode_id=\u00bb632500&#8243;][vc_column width=\u00bb1\/1&#8243;][vc_single_image media=\u00bb112218&#8243; media_width_percent=\u00bb100&#8243; uncode_shortcode_id=\u00bb745111&#8243;][\/vc_column][\/vc_row][vc_row][vc_column width=\u00bb1\/1&#8243;][vc_custom_heading text_color=\u00bbcolor-190107&#8243; text_font=\u00bbfont-613363&#8243; text_size=\u00bbfontsize-155944&#8243; text_weight=\u00bb400&#8243; sub_lead=\u00bbyes\u00bb sub_reduced=\u00bbyes\u00bb css_animation=\u00bbcurtain-words\u00bb animation_speed=\u00bb600&#8243; animation_delay=\u00bb400&#8243; uncode_shortcode_id=\u00bb835283&#8243; text_color_type=\u00bbuncode-palette\u00bb]Libera el potencial de tu organizaci\u00f3n[\/vc_custom_heading][vc_custom_heading heading_semantic=\u00bbp\u00bb text_font=\u00bbfont-613363&#8243; text_size=\u00bbh4&#8243; text_weight=\u00bb300&#8243; text_height=\u00bbfontheight-524109&#8243; css_animation=\u00bbbottom-t-top\u00bb animation_speed=\u00bb800&#8243; animation_delay=\u00bb400&#8243; uncode_shortcode_id=\u00bb180655&#8243;]En Quint creemos que existe un enorme \u2013 y a menudo a\u00fan inexplorado \u2013 potencial distribuido en todas las organizaciones, el cual puede ser identificado y liberado a trav\u00e9s del an\u00e1lisis de datos. Deeper Signals es una evaluaci\u00f3n de personalidad innovadora en nuestro portafolio, que te permite mapear el potencial individual en toda la organizaci\u00f3n y proporcionar a cada empleado retroalimentaci\u00f3n personalizada para desbloquear su rendimiento. Reg\u00edstrate a continuaci\u00f3n y obt\u00e9n un enlace gratuito para probar Deeper Signals y descubrir todo su potencial de primera mano.[\/vc_custom_heading][vc_raw_html]W2NvbnRhY3QtZm9ybS03IGlkPSIxMTIyMjUiIHRpdGxlPSJVbmxlYXNoIHlvdXIgT3JnYW5pemF0aW9u4oCZcyBQb3RlbnRpYWwiXQ==[\/vc_raw_html][\/vc_column][\/vc_row]<\/p>\n<\/div>","protected":false},"excerpt":{"rendered":"<p>[vc_row row_height_percent=\u00bb0&#8243; override_padding=\u00bbyes\u00bb h_padding=\u00bb2&#8243; top_padding=\u00bb4&#8243; bottom_padding=\u00bb2&#8243; back_color=\u00bbcolor-xsdn\u00bb overlay_alpha=\u00bb50&#8243; equal_height=\u00bbyes\u00bb gutter_size=\u00bb4&#8243; column_width_percent=\u00bb100&#8243; shift_y=\u00bb-3&#8243; z_index=\u00bb3&#8243; top_divider=\u00bbstep_1_2&#8243; uncode_shortcode_id=\u00bb165701&#8243; back_color_type=\u00bbuncode-palette\u00bb el_id=\u00bbroot_container\u00bb css=\u00bb.vc_custom_1681213843269{margin-top: 10px !important;}\u00bb][vc_column [&hellip;]<\/p>\n","protected":false},"author":5,"featured_media":0,"parent":0,"menu_order":100,"comment_status":"closed","ping_status":"closed","template":"","meta":{"footnotes":""},"class_list":["post-112653","page","type-page","status-publish","hentry"],"yoast_head":"<!-- This site is optimized with the Yoast SEO plugin v27.5 - https:\/\/yoast.com\/product\/yoast-seo-wordpress\/ -->\n<title>Libera el Potencial de tu Organizaci\u00f3n - Quint<\/title>\n<meta name=\"robots\" content=\"index, follow, max-snippet:-1, max-image-preview:large, max-video-preview:-1\" \/>\n<link rel=\"canonical\" href=\"https:\/\/www.quint.org\/es\/libera-el-potencial-de-tu-organizacion-2\/\" \/>\n<meta property=\"og:locale\" content=\"es_ES\" \/>\n<meta property=\"og:type\" content=\"article\" \/>\n<meta property=\"og:title\" content=\"Libera el Potencial de tu Organizaci\u00f3n - Quint\" \/>\n<meta property=\"og:description\" content=\"[vc_row row_height_percent=\u00bb0&#8243; override_padding=\u00bbyes\u00bb h_padding=\u00bb2&#8243; top_padding=\u00bb4&#8243; bottom_padding=\u00bb2&#8243; back_color=\u00bbcolor-xsdn\u00bb overlay_alpha=\u00bb50&#8243; equal_height=\u00bbyes\u00bb gutter_size=\u00bb4&#8243; column_width_percent=\u00bb100&#8243; shift_y=\u00bb-3&#8243; z_index=\u00bb3&#8243; top_divider=\u00bbstep_1_2&#8243; uncode_shortcode_id=\u00bb165701&#8243; back_color_type=\u00bbuncode-palette\u00bb el_id=\u00bbroot_container\u00bb css=\u00bb.vc_custom_1681213843269{margin-top: 10px !important;}\u00bb][vc_column [&hellip;]\" \/>\n<meta property=\"og:url\" content=\"https:\/\/www.quint.org\/es\/libera-el-potencial-de-tu-organizacion-2\/\" \/>\n<meta property=\"og:site_name\" content=\"Quint\" \/>\n<meta property=\"article:modified_time\" content=\"2024-08-05T14:36:42+00:00\" \/>\n<meta name=\"twitter:card\" content=\"summary_large_image\" \/>\n<meta name=\"twitter:label1\" content=\"Tiempo de lectura\" \/>\n\t<meta name=\"twitter:data1\" content=\"3 minutos\" \/>\n<script type=\"application\/ld+json\" class=\"yoast-schema-graph\">{\"@context\":\"https:\\\/\\\/schema.org\",\"@graph\":[{\"@type\":\"WebPage\",\"@id\":\"https:\\\/\\\/www.quint.org\\\/es\\\/libera-el-potencial-de-tu-organizacion-2\\\/\",\"url\":\"https:\\\/\\\/www.quint.org\\\/es\\\/libera-el-potencial-de-tu-organizacion-2\\\/\",\"name\":\"Libera el Potencial de tu Organizaci\u00f3n - Quint\",\"isPartOf\":{\"@id\":\"https:\\\/\\\/www.quint.org\\\/es\\\/#website\"},\"datePublished\":\"2023-04-11T09:59:41+00:00\",\"dateModified\":\"2024-08-05T14:36:42+00:00\",\"breadcrumb\":{\"@id\":\"https:\\\/\\\/www.quint.org\\\/es\\\/libera-el-potencial-de-tu-organizacion-2\\\/#breadcrumb\"},\"inLanguage\":\"es\",\"potentialAction\":[{\"@type\":\"ReadAction\",\"target\":[\"https:\\\/\\\/www.quint.org\\\/es\\\/libera-el-potencial-de-tu-organizacion-2\\\/\"]}]},{\"@type\":\"BreadcrumbList\",\"@id\":\"https:\\\/\\\/www.quint.org\\\/es\\\/libera-el-potencial-de-tu-organizacion-2\\\/#breadcrumb\",\"itemListElement\":[{\"@type\":\"ListItem\",\"position\":1,\"name\":\"Home\",\"item\":\"https:\\\/\\\/www.quint.org\\\/es\\\/\"},{\"@type\":\"ListItem\",\"position\":2,\"name\":\"Libera el Potencial de tu Organizaci\u00f3n\"}]},{\"@type\":\"WebSite\",\"@id\":\"https:\\\/\\\/www.quint.org\\\/es\\\/#website\",\"url\":\"https:\\\/\\\/www.quint.org\\\/es\\\/\",\"name\":\"Quint\",\"description\":\"Organizational Potential Released\",\"publisher\":{\"@id\":\"https:\\\/\\\/www.quint.org\\\/es\\\/#organization\"},\"potentialAction\":[{\"@type\":\"SearchAction\",\"target\":{\"@type\":\"EntryPoint\",\"urlTemplate\":\"https:\\\/\\\/www.quint.org\\\/es\\\/?s={search_term_string}\"},\"query-input\":{\"@type\":\"PropertyValueSpecification\",\"valueRequired\":true,\"valueName\":\"search_term_string\"}}],\"inLanguage\":\"es\"},{\"@type\":\"Organization\",\"@id\":\"https:\\\/\\\/www.quint.org\\\/es\\\/#organization\",\"name\":\"Quint\",\"url\":\"https:\\\/\\\/www.quint.org\\\/es\\\/\",\"logo\":{\"@type\":\"ImageObject\",\"inLanguage\":\"es\",\"@id\":\"https:\\\/\\\/www.quint.org\\\/es\\\/#\\\/schema\\\/logo\\\/image\\\/\",\"url\":\"https:\\\/\\\/www.quint.org\\\/wp-content\\\/uploads\\\/2022\\\/05\\\/Quint_rgb.png\",\"contentUrl\":\"https:\\\/\\\/www.quint.org\\\/wp-content\\\/uploads\\\/2022\\\/05\\\/Quint_rgb.png\",\"width\":800,\"height\":249,\"caption\":\"Quint\"},\"image\":{\"@id\":\"https:\\\/\\\/www.quint.org\\\/es\\\/#\\\/schema\\\/logo\\\/image\\\/\"},\"sameAs\":[\"https:\\\/\\\/www.linkedin.com\\\/company\\\/quint2021\\\/about\\\/\"]}]}<\/script>\n<!-- \/ Yoast SEO plugin. -->","yoast_head_json":{"title":"Libera el Potencial de tu Organizaci\u00f3n - Quint","robots":{"index":"index","follow":"follow","max-snippet":"max-snippet:-1","max-image-preview":"max-image-preview:large","max-video-preview":"max-video-preview:-1"},"canonical":"https:\/\/www.quint.org\/es\/libera-el-potencial-de-tu-organizacion-2\/","og_locale":"es_ES","og_type":"article","og_title":"Libera el Potencial de tu Organizaci\u00f3n - Quint","og_description":"[vc_row row_height_percent=\u00bb0&#8243; override_padding=\u00bbyes\u00bb h_padding=\u00bb2&#8243; top_padding=\u00bb4&#8243; bottom_padding=\u00bb2&#8243; back_color=\u00bbcolor-xsdn\u00bb overlay_alpha=\u00bb50&#8243; equal_height=\u00bbyes\u00bb gutter_size=\u00bb4&#8243; column_width_percent=\u00bb100&#8243; shift_y=\u00bb-3&#8243; z_index=\u00bb3&#8243; top_divider=\u00bbstep_1_2&#8243; uncode_shortcode_id=\u00bb165701&#8243; back_color_type=\u00bbuncode-palette\u00bb el_id=\u00bbroot_container\u00bb css=\u00bb.vc_custom_1681213843269{margin-top: 10px !important;}\u00bb][vc_column [&hellip;]","og_url":"https:\/\/www.quint.org\/es\/libera-el-potencial-de-tu-organizacion-2\/","og_site_name":"Quint","article_modified_time":"2024-08-05T14:36:42+00:00","twitter_card":"summary_large_image","twitter_misc":{"Tiempo de lectura":"3 minutos"},"schema":{"@context":"https:\/\/schema.org","@graph":[{"@type":"WebPage","@id":"https:\/\/www.quint.org\/es\/libera-el-potencial-de-tu-organizacion-2\/","url":"https:\/\/www.quint.org\/es\/libera-el-potencial-de-tu-organizacion-2\/","name":"Libera el Potencial de tu Organizaci\u00f3n - Quint","isPartOf":{"@id":"https:\/\/www.quint.org\/es\/#website"},"datePublished":"2023-04-11T09:59:41+00:00","dateModified":"2024-08-05T14:36:42+00:00","breadcrumb":{"@id":"https:\/\/www.quint.org\/es\/libera-el-potencial-de-tu-organizacion-2\/#breadcrumb"},"inLanguage":"es","potentialAction":[{"@type":"ReadAction","target":["https:\/\/www.quint.org\/es\/libera-el-potencial-de-tu-organizacion-2\/"]}]},{"@type":"BreadcrumbList","@id":"https:\/\/www.quint.org\/es\/libera-el-potencial-de-tu-organizacion-2\/#breadcrumb","itemListElement":[{"@type":"ListItem","position":1,"name":"Home","item":"https:\/\/www.quint.org\/es\/"},{"@type":"ListItem","position":2,"name":"Libera el Potencial de tu Organizaci\u00f3n"}]},{"@type":"WebSite","@id":"https:\/\/www.quint.org\/es\/#website","url":"https:\/\/www.quint.org\/es\/","name":"Quint","description":"Organizational Potential Released","publisher":{"@id":"https:\/\/www.quint.org\/es\/#organization"},"potentialAction":[{"@type":"SearchAction","target":{"@type":"EntryPoint","urlTemplate":"https:\/\/www.quint.org\/es\/?s={search_term_string}"},"query-input":{"@type":"PropertyValueSpecification","valueRequired":true,"valueName":"search_term_string"}}],"inLanguage":"es"},{"@type":"Organization","@id":"https:\/\/www.quint.org\/es\/#organization","name":"Quint","url":"https:\/\/www.quint.org\/es\/","logo":{"@type":"ImageObject","inLanguage":"es","@id":"https:\/\/www.quint.org\/es\/#\/schema\/logo\/image\/","url":"https:\/\/www.quint.org\/wp-content\/uploads\/2022\/05\/Quint_rgb.png","contentUrl":"https:\/\/www.quint.org\/wp-content\/uploads\/2022\/05\/Quint_rgb.png","width":800,"height":249,"caption":"Quint"},"image":{"@id":"https:\/\/www.quint.org\/es\/#\/schema\/logo\/image\/"},"sameAs":["https:\/\/www.linkedin.com\/company\/quint2021\/about\/"]}]}},"_links":{"self":[{"href":"https:\/\/www.quint.org\/es\/wp-json\/wp\/v2\/pages\/112653","targetHints":{"allow":["GET"]}}],"collection":[{"href":"https:\/\/www.quint.org\/es\/wp-json\/wp\/v2\/pages"}],"about":[{"href":"https:\/\/www.quint.org\/es\/wp-json\/wp\/v2\/types\/page"}],"author":[{"embeddable":true,"href":"https:\/\/www.quint.org\/es\/wp-json\/wp\/v2\/users\/5"}],"replies":[{"embeddable":true,"href":"https:\/\/www.quint.org\/es\/wp-json\/wp\/v2\/comments?post=112653"}],"version-history":[{"count":4,"href":"https:\/\/www.quint.org\/es\/wp-json\/wp\/v2\/pages\/112653\/revisions"}],"predecessor-version":[{"id":112734,"href":"https:\/\/www.quint.org\/es\/wp-json\/wp\/v2\/pages\/112653\/revisions\/112734"}],"wp:attachment":[{"href":"https:\/\/www.quint.org\/es\/wp-json\/wp\/v2\/media?parent=112653"}],"curies":[{"name":"wp","href":"https:\/\/api.w.org\/{rel}","templated":true}]}}