{"id":112643,"date":"2022-04-15T19:54:51","date_gmt":"2022-04-15T19:54:51","guid":{"rendered":"https:\/\/www.quint.org\/contacto\/"},"modified":"2024-08-23T11:19:49","modified_gmt":"2024-08-23T11:19:49","slug":"contacto","status":"publish","type":"page","link":"https:\/\/www.quint.org\/es\/contacto\/","title":{"rendered":"Contacto"},"content":{"rendered":"<div class=\"wpb-content-wrapper\"><p>[vc_row unlock_row_content=\u00bbyes\u00bb row_height_percent=\u00bb100&#8243; override_padding=\u00bbyes\u00bb h_padding=\u00bb0&#8243; top_padding=\u00bb0&#8243; bottom_padding=\u00bb0&#8243; back_color=\u00bbaccent\u00bb overlay_alpha=\u00bb50&#8243; equal_height=\u00bbyes\u00bb gutter_size=\u00bb3&#8243; column_width_percent=\u00bb100&#8243; shift_y=\u00bb0&#8243; z_index=\u00bb0&#8243; uncode_shortcode_id=\u00bb183355&#8243; back_color_type=\u00bbuncode-palette\u00bb][vc_column column_width_percent=\u00bb100&#8243; gutter_size=\u00bb3&#8243; expand_height=\u00bbyes\u00bb style=\u00bbdark\u00bb overlay_alpha=\u00bb50&#8243; shift_x=\u00bb0&#8243; shift_y=\u00bb0&#8243; z_index=\u00bb0&#8243; medium_width=\u00bb0&#8243; width=\u00bb1\/1&#8243;][vc_row_inner row_inner_height_percent=\u00bb0&#8243; overlay_alpha=\u00bb50&#8243; equal_height=\u00bbyes\u00bb gutter_size=\u00bb0&#8243; shift_y=\u00bb0&#8243; limit_content=\u00bb\u00bb][vc_column_inner column_width_use_pixel=\u00bbyes\u00bb gutter_size=\u00bb3&#8243; expand_height=\u00bbyes\u00bb back_image=\u00bb111651&#8243; overlay_alpha=\u00bb50&#8243; shift_x=\u00bb0&#8243; shift_y=\u00bb0&#8243; shift_y_down=\u00bb0&#8243; z_index=\u00bb0&#8243; medium_width=\u00bb0&#8243; mobile_width=\u00bb0&#8243; width=\u00bb1\/2&#8243; mobile_height=\u00bb300&#8243; uncode_shortcode_id=\u00bb467292&#8243;][\/vc_column_inner][vc_column_inner column_width_percent=\u00bb65&#8243; position_vertical=\u00bbmiddle\u00bb gutter_size=\u00bb3&#8243; override_padding=\u00bbyes\u00bb column_padding=\u00bb3&#8243; style=\u00bbdark\u00bb font_family=\u00bbfont-193853&#8243; overlay_alpha=\u00bb50&#8243; shift_x=\u00bb0&#8243; shift_y=\u00bb0&#8243; shift_y_down=\u00bb0&#8243; z_index=\u00bb0&#8243; medium_width=\u00bb0&#8243; mobile_width=\u00bb0&#8243; width=\u00bb1\/2&#8243; uncode_shortcode_id=\u00bb937831&#8243;][vc_custom_heading heading_semantic=\u00bbh1&#8243; text_font=\u00bbfont-339240&#8243; text_size=\u00bbfontsize-155944&#8243; text_align=\u00bbtext-left\u00bb uncode_shortcode_id=\u00bb650333&#8243;]<span class=\"RFZYhc\"><b>Prep\u00e1rate para el futuro<\/b><\/span>[\/vc_custom_heading][vc_column_text uncode_shortcode_id=\u00bb695146&#8243;]<span class=\"RFZYhc\">Quint est\u00e1 a tu disposici\u00f3n para evaluar y desarrollar el potencial de tu organizaci\u00f3n. Cont\u00e1ctanos para trazar el camino de evoluci\u00f3n m\u00e1s efectivo para ti.<\/span>[\/vc_column_text][vc_raw_html]JTVCY29udGFjdC1mb3JtLTclMjBpZCUzRCUyMjBkOTgzMGQlMjIlMjB0aXRsZSUzRCUyMkNvbnRhY3QlMjBGb3JtJTIwRVMlMjIlNUQ=[\/vc_raw_html][\/vc_column_inner][\/vc_row_inner][\/vc_column][\/vc_row][vc_row row_height_percent=\u00bb5&#8243; back_color=\u00bbcolor-xsdn\u00bb overlay_alpha=\u00bb50&#8243; gutter_size=\u00bb3&#8243; column_width_percent=\u00bb100&#8243; shift_y=\u00bb0&#8243; z_index=\u00bb0&#8243; uncode_shortcode_id=\u00bb143321&#8243; back_color_type=\u00bbuncode-palette\u00bb][vc_column width=\u00bb1\/1&#8243;][\/vc_column][\/vc_row]<\/p>\n<\/div>","protected":false},"excerpt":{"rendered":"<p>[vc_row unlock_row_content=\u00bbyes\u00bb row_height_percent=\u00bb100&#8243; override_padding=\u00bbyes\u00bb h_padding=\u00bb0&#8243; top_padding=\u00bb0&#8243; bottom_padding=\u00bb0&#8243; back_color=\u00bbaccent\u00bb overlay_alpha=\u00bb50&#8243; equal_height=\u00bbyes\u00bb gutter_size=\u00bb3&#8243; column_width_percent=\u00bb100&#8243; shift_y=\u00bb0&#8243; z_index=\u00bb0&#8243; uncode_shortcode_id=\u00bb183355&#8243; back_color_type=\u00bbuncode-palette\u00bb][vc_column column_width_percent=\u00bb100&#8243; gutter_size=\u00bb3&#8243; expand_height=\u00bbyes\u00bb style=\u00bbdark\u00bb [&hellip;]<\/p>\n","protected":false},"author":1,"featured_media":0,"parent":0,"menu_order":6,"comment_status":"open","ping_status":"closed","template":"","meta":{"footnotes":""},"class_list":["post-112643","page","type-page","status-publish","hentry"],"yoast_head":"<!-- This site is optimized with the Yoast SEO plugin v27.5 - https:\/\/yoast.com\/product\/yoast-seo-wordpress\/ -->\n<title>Contacto - Quint<\/title>\n<meta name=\"robots\" content=\"index, follow, max-snippet:-1, max-image-preview:large, max-video-preview:-1\" \/>\n<link rel=\"canonical\" href=\"https:\/\/www.quint.org\/es\/contacto\/\" \/>\n<meta property=\"og:locale\" content=\"es_ES\" \/>\n<meta property=\"og:type\" content=\"article\" \/>\n<meta property=\"og:title\" content=\"Contacto - Quint\" \/>\n<meta property=\"og:description\" content=\"[vc_row unlock_row_content=\u00bbyes\u00bb row_height_percent=\u00bb100&#8243; override_padding=\u00bbyes\u00bb h_padding=\u00bb0&#8243; top_padding=\u00bb0&#8243; bottom_padding=\u00bb0&#8243; back_color=\u00bbaccent\u00bb overlay_alpha=\u00bb50&#8243; equal_height=\u00bbyes\u00bb gutter_size=\u00bb3&#8243; column_width_percent=\u00bb100&#8243; shift_y=\u00bb0&#8243; z_index=\u00bb0&#8243; uncode_shortcode_id=\u00bb183355&#8243; back_color_type=\u00bbuncode-palette\u00bb][vc_column column_width_percent=\u00bb100&#8243; gutter_size=\u00bb3&#8243; expand_height=\u00bbyes\u00bb style=\u00bbdark\u00bb [&hellip;]\" \/>\n<meta property=\"og:url\" content=\"https:\/\/www.quint.org\/es\/contacto\/\" \/>\n<meta property=\"og:site_name\" content=\"Quint\" \/>\n<meta property=\"article:modified_time\" content=\"2024-08-23T11:19:49+00:00\" \/>\n<meta name=\"twitter:card\" content=\"summary_large_image\" \/>\n<meta name=\"twitter:label1\" content=\"Tiempo de lectura\" \/>\n\t<meta name=\"twitter:data1\" content=\"1 minuto\" \/>\n<script type=\"application\/ld+json\" class=\"yoast-schema-graph\">{\"@context\":\"https:\\\/\\\/schema.org\",\"@graph\":[{\"@type\":\"WebPage\",\"@id\":\"https:\\\/\\\/www.quint.org\\\/es\\\/contacto\\\/\",\"url\":\"https:\\\/\\\/www.quint.org\\\/es\\\/contacto\\\/\",\"name\":\"Contacto - Quint\",\"isPartOf\":{\"@id\":\"https:\\\/\\\/www.quint.org\\\/es\\\/#website\"},\"datePublished\":\"2022-04-15T19:54:51+00:00\",\"dateModified\":\"2024-08-23T11:19:49+00:00\",\"breadcrumb\":{\"@id\":\"https:\\\/\\\/www.quint.org\\\/es\\\/contacto\\\/#breadcrumb\"},\"inLanguage\":\"es\",\"potentialAction\":[{\"@type\":\"ReadAction\",\"target\":[\"https:\\\/\\\/www.quint.org\\\/es\\\/contacto\\\/\"]}]},{\"@type\":\"BreadcrumbList\",\"@id\":\"https:\\\/\\\/www.quint.org\\\/es\\\/contacto\\\/#breadcrumb\",\"itemListElement\":[{\"@type\":\"ListItem\",\"position\":1,\"name\":\"Home\",\"item\":\"https:\\\/\\\/www.quint.org\\\/es\\\/\"},{\"@type\":\"ListItem\",\"position\":2,\"name\":\"Contacto\"}]},{\"@type\":\"WebSite\",\"@id\":\"https:\\\/\\\/www.quint.org\\\/es\\\/#website\",\"url\":\"https:\\\/\\\/www.quint.org\\\/es\\\/\",\"name\":\"Quint\",\"description\":\"Organizational Potential Released\",\"publisher\":{\"@id\":\"https:\\\/\\\/www.quint.org\\\/es\\\/#organization\"},\"potentialAction\":[{\"@type\":\"SearchAction\",\"target\":{\"@type\":\"EntryPoint\",\"urlTemplate\":\"https:\\\/\\\/www.quint.org\\\/es\\\/?s={search_term_string}\"},\"query-input\":{\"@type\":\"PropertyValueSpecification\",\"valueRequired\":true,\"valueName\":\"search_term_string\"}}],\"inLanguage\":\"es\"},{\"@type\":\"Organization\",\"@id\":\"https:\\\/\\\/www.quint.org\\\/es\\\/#organization\",\"name\":\"Quint\",\"url\":\"https:\\\/\\\/www.quint.org\\\/es\\\/\",\"logo\":{\"@type\":\"ImageObject\",\"inLanguage\":\"es\",\"@id\":\"https:\\\/\\\/www.quint.org\\\/es\\\/#\\\/schema\\\/logo\\\/image\\\/\",\"url\":\"https:\\\/\\\/www.quint.org\\\/wp-content\\\/uploads\\\/2022\\\/05\\\/Quint_rgb.png\",\"contentUrl\":\"https:\\\/\\\/www.quint.org\\\/wp-content\\\/uploads\\\/2022\\\/05\\\/Quint_rgb.png\",\"width\":800,\"height\":249,\"caption\":\"Quint\"},\"image\":{\"@id\":\"https:\\\/\\\/www.quint.org\\\/es\\\/#\\\/schema\\\/logo\\\/image\\\/\"},\"sameAs\":[\"https:\\\/\\\/www.linkedin.com\\\/company\\\/quint2021\\\/about\\\/\"]}]}<\/script>\n<!-- \/ Yoast SEO plugin. -->","yoast_head_json":{"title":"Contacto - Quint","robots":{"index":"index","follow":"follow","max-snippet":"max-snippet:-1","max-image-preview":"max-image-preview:large","max-video-preview":"max-video-preview:-1"},"canonical":"https:\/\/www.quint.org\/es\/contacto\/","og_locale":"es_ES","og_type":"article","og_title":"Contacto - Quint","og_description":"[vc_row unlock_row_content=\u00bbyes\u00bb row_height_percent=\u00bb100&#8243; override_padding=\u00bbyes\u00bb h_padding=\u00bb0&#8243; top_padding=\u00bb0&#8243; bottom_padding=\u00bb0&#8243; back_color=\u00bbaccent\u00bb overlay_alpha=\u00bb50&#8243; equal_height=\u00bbyes\u00bb gutter_size=\u00bb3&#8243; column_width_percent=\u00bb100&#8243; shift_y=\u00bb0&#8243; z_index=\u00bb0&#8243; uncode_shortcode_id=\u00bb183355&#8243; back_color_type=\u00bbuncode-palette\u00bb][vc_column column_width_percent=\u00bb100&#8243; gutter_size=\u00bb3&#8243; expand_height=\u00bbyes\u00bb style=\u00bbdark\u00bb [&hellip;]","og_url":"https:\/\/www.quint.org\/es\/contacto\/","og_site_name":"Quint","article_modified_time":"2024-08-23T11:19:49+00:00","twitter_card":"summary_large_image","twitter_misc":{"Tiempo de lectura":"1 minuto"},"schema":{"@context":"https:\/\/schema.org","@graph":[{"@type":"WebPage","@id":"https:\/\/www.quint.org\/es\/contacto\/","url":"https:\/\/www.quint.org\/es\/contacto\/","name":"Contacto - Quint","isPartOf":{"@id":"https:\/\/www.quint.org\/es\/#website"},"datePublished":"2022-04-15T19:54:51+00:00","dateModified":"2024-08-23T11:19:49+00:00","breadcrumb":{"@id":"https:\/\/www.quint.org\/es\/contacto\/#breadcrumb"},"inLanguage":"es","potentialAction":[{"@type":"ReadAction","target":["https:\/\/www.quint.org\/es\/contacto\/"]}]},{"@type":"BreadcrumbList","@id":"https:\/\/www.quint.org\/es\/contacto\/#breadcrumb","itemListElement":[{"@type":"ListItem","position":1,"name":"Home","item":"https:\/\/www.quint.org\/es\/"},{"@type":"ListItem","position":2,"name":"Contacto"}]},{"@type":"WebSite","@id":"https:\/\/www.quint.org\/es\/#website","url":"https:\/\/www.quint.org\/es\/","name":"Quint","description":"Organizational Potential Released","publisher":{"@id":"https:\/\/www.quint.org\/es\/#organization"},"potentialAction":[{"@type":"SearchAction","target":{"@type":"EntryPoint","urlTemplate":"https:\/\/www.quint.org\/es\/?s={search_term_string}"},"query-input":{"@type":"PropertyValueSpecification","valueRequired":true,"valueName":"search_term_string"}}],"inLanguage":"es"},{"@type":"Organization","@id":"https:\/\/www.quint.org\/es\/#organization","name":"Quint","url":"https:\/\/www.quint.org\/es\/","logo":{"@type":"ImageObject","inLanguage":"es","@id":"https:\/\/www.quint.org\/es\/#\/schema\/logo\/image\/","url":"https:\/\/www.quint.org\/wp-content\/uploads\/2022\/05\/Quint_rgb.png","contentUrl":"https:\/\/www.quint.org\/wp-content\/uploads\/2022\/05\/Quint_rgb.png","width":800,"height":249,"caption":"Quint"},"image":{"@id":"https:\/\/www.quint.org\/es\/#\/schema\/logo\/image\/"},"sameAs":["https:\/\/www.linkedin.com\/company\/quint2021\/about\/"]}]}},"_links":{"self":[{"href":"https:\/\/www.quint.org\/es\/wp-json\/wp\/v2\/pages\/112643","targetHints":{"allow":["GET"]}}],"collection":[{"href":"https:\/\/www.quint.org\/es\/wp-json\/wp\/v2\/pages"}],"about":[{"href":"https:\/\/www.quint.org\/es\/wp-json\/wp\/v2\/types\/page"}],"author":[{"embeddable":true,"href":"https:\/\/www.quint.org\/es\/wp-json\/wp\/v2\/users\/1"}],"replies":[{"embeddable":true,"href":"https:\/\/www.quint.org\/es\/wp-json\/wp\/v2\/comments?post=112643"}],"version-history":[{"count":5,"href":"https:\/\/www.quint.org\/es\/wp-json\/wp\/v2\/pages\/112643\/revisions"}],"predecessor-version":[{"id":112847,"href":"https:\/\/www.quint.org\/es\/wp-json\/wp\/v2\/pages\/112643\/revisions\/112847"}],"wp:attachment":[{"href":"https:\/\/www.quint.org\/es\/wp-json\/wp\/v2\/media?parent=112643"}],"curies":[{"name":"wp","href":"https:\/\/api.w.org\/{rel}","templated":true}]}}